{"id":38,"date":"2025-03-06T08:24:07","date_gmt":"2025-03-06T08:24:07","guid":{"rendered":"http:\/\/drweca.pl\/?page_id=38"},"modified":"2025-03-06T14:12:42","modified_gmt":"2025-03-06T14:12:42","slug":"rezerwacje","status":"publish","type":"page","link":"https:\/\/drweca.pl\/index.php\/rezerwacje\/","title":{"rendered":"rezerwacje"},"content":{"rendered":"\n<p><\/p>\n\n\n\n<figure class=\"wp-block-image size-large\"><img loading=\"lazy\" decoding=\"async\" width=\"1024\" height=\"684\" src=\"http:\/\/drweca.pl\/wp-content\/uploads\/2025\/03\/drweca1-1024x684.jpg\" alt=\"REZERWACJE DRWECA\" class=\"wp-image-13\" srcset=\"https:\/\/drweca.pl\/wp-content\/uploads\/2025\/03\/drweca1-1024x684.jpg 1024w, https:\/\/drweca.pl\/wp-content\/uploads\/2025\/03\/drweca1-300x200.jpg 300w, https:\/\/drweca.pl\/wp-content\/uploads\/2025\/03\/drweca1-768x513.jpg 768w, https:\/\/drweca.pl\/wp-content\/uploads\/2025\/03\/drweca1.jpg 1200w\" sizes=\"auto, (max-width: 1024px) 100vw, 1024px\" \/><\/figure>\n\n\n\n<div class=\"wp-block-group alignfull has-accent-3-background-color has-background is-vertical is-content-justification-center is-layout-flex wp-container-core-group-is-layout-2 wp-block-group-is-layout-flex\" style=\"min-height:100vh;margin-top:0;margin-bottom:0;padding-top:var(--wp--preset--spacing--60);padding-right:var(--wp--preset--spacing--50);padding-bottom:var(--wp--preset--spacing--60);padding-left:var(--wp--preset--spacing--50)\">\n<div class=\"wp-block-group has-global-padding is-layout-constrained wp-block-group-is-layout-constrained\">\n<figure class=\"wp-block-image aligncenter size-full is-resized\"><img decoding=\"async\" src=\"http:\/\/drweca.pl\/wp-content\/themes\/twentytwentyfour\/assets\/images\/icon-message.webp\" alt=\"\" style=\"object-fit:cover;width:45px;height:49px\"\/><\/figure>\n\n\n\n<div style=\"height:var(--wp--preset--spacing--10)\" aria-hidden=\"true\" class=\"wp-block-spacer\"><\/div>\n\n\n\n<h2 class=\"wp-block-heading has-text-align-center has-contrast-color has-text-color has-link-color has-x-large-font-size wp-elements-304826d9145423ffc11fc4813009674a\" style=\"margin-right:0;margin-left:0;padding-right:0;padding-left:0\">Napisz do nas<\/h2>\n\n\n\n<p class=\"has-text-align-center\"><strong>bakikajaki@gmail.com<\/strong><\/p>\n\n\n\n<ul class=\"wp-block-list\">\n<li>Wybierz termin i godzin\u0119 startu<\/li>\n\n\n\n<li>Wybierz ilo\u015b\u0107 uczestnik\u00f3w<\/li>\n\n\n\n<li>Wybierz rodzaj i ilo\u015b\u0107 kajak\u00f3w<\/li>\n\n\n\n<li>wy\u015blij rezerwacje<\/li>\n<\/ul>\n<\/div>\n\n\n<div class=\"wpforms-container wpforms-container-full wpforms-block wpforms-block-f52f0a3f-bd15-4945-a7df-65df407dd137 wpforms-render-modern\" id=\"wpforms-54\"><form id=\"wpforms-form-54\" class=\"wpforms-validate wpforms-form wpforms-ajax-form\" data-formid=\"54\" method=\"post\" enctype=\"multipart\/form-data\" action=\"\/index.php\/wp-json\/wp\/v2\/pages\/38\" data-token=\"cfd4c0c3bbbb4ea9ad147004798f7297\" data-token-time=\"1776385990\"><noscript class=\"wpforms-error-noscript\">Aby wype\u0142ni\u0107 ten formularz, w\u0142\u0105cz obs\u0142ug\u0119 JavaScript w przegl\u0105darce.<\/noscript><div id=\"wpforms-error-noscript\" style=\"display: none;\">Aby wype\u0142ni\u0107 ten formularz, w\u0142\u0105cz obs\u0142ug\u0119 JavaScript w przegl\u0105darce.<\/div><div class=\"wpforms-field-container\">\t\t<div id=\"wpforms-54-field_2-container\"\n\t\t\tclass=\"wpforms-field wpforms-field-text\"\n\t\t\tdata-field-type=\"text\"\n\t\t\tdata-field-id=\"2\"\n\t\t\t>\n\t\t\t<label class=\"wpforms-field-label\" for=\"wpforms-54-field_2\" >Dane ma kontaktowe<\/label>\n\t\t\t<input type=\"text\" id=\"wpforms-54-field_2\" class=\"wpforms-field-medium\" name=\"wpforms[fields][2]\" >\n\t\t<\/div>\n\t\t<div id=\"wpforms-54-field_1-container\" class=\"wpforms-field wpforms-field-name\" data-field-id=\"1\"><fieldset><legend class=\"wpforms-field-label\">Dane kontaktowe <span class=\"wpforms-required-label\" aria-hidden=\"true\">*<\/span><\/legend><div class=\"wpforms-field-row wpforms-field-large\"><div class=\"wpforms-field-row-block wpforms-first wpforms-one-half\"><input type=\"text\" id=\"wpforms-54-field_1\" class=\"wpforms-field-name-first wpforms-field-required\" name=\"wpforms[fields][1][first]\" aria-errormessage=\"wpforms-54-field_1-error\" required><label for=\"wpforms-54-field_1\" class=\"wpforms-field-sublabel after\">Imi\u0119<\/label><\/div><div class=\"wpforms-field-row-block wpforms-one-half\"><input type=\"text\" id=\"wpforms-54-field_1-last\" class=\"wpforms-field-name-last wpforms-field-required\" name=\"wpforms[fields][1][last]\" aria-errormessage=\"wpforms-54-field_1-last-error\" required><label for=\"wpforms-54-field_1-last\" class=\"wpforms-field-sublabel after\">Nazwisko<\/label><\/div><\/div><\/fieldset><\/div><div id=\"wpforms-54-field_7-container\" class=\"wpforms-field wpforms-field-email\" data-field-id=\"7\"><label class=\"wpforms-field-label\" for=\"wpforms-54-field_7\">Adres e-mail <span class=\"wpforms-required-label\" aria-hidden=\"true\">*<\/span><\/label><input type=\"email\" id=\"wpforms-54-field_7\" class=\"wpforms-field-large wpforms-field-required\" name=\"wpforms[fields][7]\" spellcheck=\"false\" aria-errormessage=\"wpforms-54-field_7-error\" required><\/div><div id=\"wpforms-54-field_8-container\" class=\"wpforms-field wpforms-field-number\" data-field-id=\"8\"><label class=\"wpforms-field-label\" for=\"wpforms-54-field_8\">nr telefonu <span class=\"wpforms-required-label\" aria-hidden=\"true\">*<\/span><\/label><input type=\"number\" id=\"wpforms-54-field_8\" class=\"wpforms-field-large wpforms-field-required\" name=\"wpforms[fields][8]\" step=\"any\" aria-errormessage=\"wpforms-54-field_8-error\" required><\/div><div id=\"wpforms-54-field_9-container\" class=\"wpforms-field wpforms-field-select wpforms-field-select-style-classic\" data-field-id=\"9\"><label class=\"wpforms-field-label\" for=\"wpforms-54-field_9\">Jaki sp\u0142yw chcesz zarezerowa\u0107 ?<\/label><select id=\"wpforms-54-field_9\" class=\"wpforms-field-large\" name=\"wpforms[fields][9]\"><option value=\"Tama Brodzka \u2013 Brodnica\"  class=\"choice-1 depth-1\"  >Tama Brodzka \u2013 Brodnica<\/option><option value=\"Brodnica \u2013 Pusta D\u0105br\u00f3wka\"  class=\"choice-2 depth-1\"  >Brodnica \u2013 Pusta D\u0105br\u00f3wka<\/option><option value=\"Trzecia opcja do wyboruKurz\u0119tnik \u2013 Topiele\"  class=\"choice-3 depth-1\"  >Trzecia opcja do wyboruKurz\u0119tnik \u2013 Topiele<\/option><\/select><\/div><div id=\"wpforms-54-field_5-container\" class=\"wpforms-field wpforms-field-checkbox\" data-field-id=\"5\"><fieldset><legend class=\"wpforms-field-label\">o jakiej godzinie planujesz wystarowac <span class=\"wpforms-required-label\" aria-hidden=\"true\">*<\/span><\/legend><ul id=\"wpforms-54-field_5\" class=\"wpforms-field-required\"><li class=\"choice-1 depth-1\"><input type=\"checkbox\" id=\"wpforms-54-field_5_1\" name=\"wpforms[fields][5][]\" value=\"8:00 - 9:00am\" aria-errormessage=\"wpforms-54-field_5_1-error\" required ><label class=\"wpforms-field-label-inline\" for=\"wpforms-54-field_5_1\">8:00 &#8211; 9:00am<\/label><\/li><li class=\"choice-2 depth-1\"><input type=\"checkbox\" id=\"wpforms-54-field_5_2\" name=\"wpforms[fields][5][]\" value=\"9:00 - 10:00am\" aria-errormessage=\"wpforms-54-field_5_2-error\" required ><label class=\"wpforms-field-label-inline\" for=\"wpforms-54-field_5_2\">9:00 &#8211; 10:00am<\/label><\/li><li class=\"choice-3 depth-1\"><input type=\"checkbox\" id=\"wpforms-54-field_5_3\" name=\"wpforms[fields][5][]\" value=\"10:00 - 11:00am\" aria-errormessage=\"wpforms-54-field_5_3-error\" required ><label class=\"wpforms-field-label-inline\" for=\"wpforms-54-field_5_3\">10:00 &#8211; 11:00am<\/label><\/li><li class=\"choice-7 depth-1\"><input type=\"checkbox\" id=\"wpforms-54-field_5_7\" name=\"wpforms[fields][5][]\" value=\"11:00 - 12:00pm\" aria-errormessage=\"wpforms-54-field_5_7-error\" required ><label class=\"wpforms-field-label-inline\" for=\"wpforms-54-field_5_7\">11:00 &#8211; 12:00pm<\/label><\/li><li class=\"choice-6 depth-1\"><input type=\"checkbox\" id=\"wpforms-54-field_5_6\" name=\"wpforms[fields][5][]\" value=\"12:00 - 1:00pm\" aria-errormessage=\"wpforms-54-field_5_6-error\" required ><label class=\"wpforms-field-label-inline\" for=\"wpforms-54-field_5_6\">12:00 &#8211; 1:00pm<\/label><\/li><li class=\"choice-5 depth-1\"><input type=\"checkbox\" id=\"wpforms-54-field_5_5\" name=\"wpforms[fields][5][]\" value=\"1:00 - 2:00pm\" aria-errormessage=\"wpforms-54-field_5_5-error\" required ><label class=\"wpforms-field-label-inline\" for=\"wpforms-54-field_5_5\">1:00 &#8211; 2:00pm<\/label><\/li><li class=\"choice-4 depth-1\"><input type=\"checkbox\" id=\"wpforms-54-field_5_4\" name=\"wpforms[fields][5][]\" value=\"2:00 - 3:00pm\" aria-errormessage=\"wpforms-54-field_5_4-error\" required ><label class=\"wpforms-field-label-inline\" for=\"wpforms-54-field_5_4\">2:00 &#8211; 3:00pm<\/label><\/li><li class=\"choice-8 depth-1\"><input type=\"checkbox\" id=\"wpforms-54-field_5_8\" name=\"wpforms[fields][5][]\" value=\"3:00 - 4:00pm\" aria-errormessage=\"wpforms-54-field_5_8-error\" required ><label class=\"wpforms-field-label-inline\" for=\"wpforms-54-field_5_8\">3:00 &#8211; 4:00pm<\/label><\/li><li class=\"choice-9 depth-1\"><input type=\"checkbox\" id=\"wpforms-54-field_5_9\" name=\"wpforms[fields][5][]\" value=\"4:00 - 5:00pm\" aria-errormessage=\"wpforms-54-field_5_9-error\" required ><label class=\"wpforms-field-label-inline\" for=\"wpforms-54-field_5_9\">4:00 &#8211; 5:00pm<\/label><\/li><\/ul><\/fieldset><\/div><div id=\"wpforms-54-field_6-container\" class=\"wpforms-field wpforms-field-textarea\" data-field-id=\"6\"><label class=\"wpforms-field-label\" for=\"wpforms-54-field_6\">Napisz ile osob  doros\u0142ych\/dzieci  ma p\u0142yn\u0105\u0107<\/label><textarea id=\"wpforms-54-field_6\" class=\"wpforms-field-large\" name=\"wpforms[fields][6]\" aria-errormessage=\"wpforms-54-field_6-error\" ><\/textarea><\/div><script>\n\t\t\t\t( function() {\n\t\t\t\t\tconst style = document.createElement( 'style' );\n\t\t\t\t\tstyle.appendChild( document.createTextNode( '#wpforms-54-field_2-container { position: absolute !important; overflow: hidden !important; display: inline !important; height: 1px !important; width: 1px !important; z-index: -1000 !important; padding: 0 !important; } #wpforms-54-field_2-container input { visibility: hidden; } #wpforms-conversational-form-page #wpforms-54-field_2-container label { counter-increment: none; }' ) );\n\t\t\t\t\tdocument.head.appendChild( style );\n\t\t\t\t\tdocument.currentScript?.remove();\n\t\t\t\t} )();\n\t\t\t<\/script><\/div><!-- .wpforms-field-container --><div class=\"wpforms-submit-container\" ><input type=\"hidden\" name=\"wpforms[id]\" value=\"54\"><input type=\"hidden\" name=\"page_title\" value=\"\"><input type=\"hidden\" name=\"page_url\" value=\"https:\/\/drweca.pl\/index.php\/wp-json\/wp\/v2\/pages\/38\"><input type=\"hidden\" name=\"url_referer\" value=\"\"><button type=\"submit\" name=\"wpforms[submit]\" id=\"wpforms-submit-54\" class=\"wpforms-submit\" data-alt-text=\"Sending...\" data-submit-text=\"Submit\" aria-live=\"assertive\" value=\"wpforms-submit\">Submit<\/button><img loading=\"lazy\" decoding=\"async\" src=\"https:\/\/drweca.pl\/wp-content\/plugins\/wpforms-lite\/assets\/images\/submit-spin.svg\" class=\"wpforms-submit-spinner\" style=\"display: none;\" width=\"26\" height=\"26\" alt=\"Wczytywanie\"><\/div><\/form><\/div>  <!-- .wpforms-container --><\/div>\n","protected":false},"excerpt":{"rendered":"<p>Napisz do nas bakikajaki@gmail.com<\/p>\n","protected":false},"author":1,"featured_media":11,"parent":0,"menu_order":0,"comment_status":"closed","ping_status":"closed","template":"","meta":{"footnotes":""},"class_list":["post-38","page","type-page","status-publish","has-post-thumbnail","hentry"],"aioseo_notices":[],"_links":{"self":[{"href":"https:\/\/drweca.pl\/index.php\/wp-json\/wp\/v2\/pages\/38","targetHints":{"allow":["GET"]}}],"collection":[{"href":"https:\/\/drweca.pl\/index.php\/wp-json\/wp\/v2\/pages"}],"about":[{"href":"https:\/\/drweca.pl\/index.php\/wp-json\/wp\/v2\/types\/page"}],"author":[{"embeddable":true,"href":"https:\/\/drweca.pl\/index.php\/wp-json\/wp\/v2\/users\/1"}],"replies":[{"embeddable":true,"href":"https:\/\/drweca.pl\/index.php\/wp-json\/wp\/v2\/comments?post=38"}],"version-history":[{"count":13,"href":"https:\/\/drweca.pl\/index.php\/wp-json\/wp\/v2\/pages\/38\/revisions"}],"predecessor-version":[{"id":154,"href":"https:\/\/drweca.pl\/index.php\/wp-json\/wp\/v2\/pages\/38\/revisions\/154"}],"wp:featuredmedia":[{"embeddable":true,"href":"https:\/\/drweca.pl\/index.php\/wp-json\/wp\/v2\/media\/11"}],"wp:attachment":[{"href":"https:\/\/drweca.pl\/index.php\/wp-json\/wp\/v2\/media?parent=38"}],"curies":[{"name":"wp","href":"https:\/\/api.w.org\/{rel}","templated":true}]}}