{"id":107,"date":"2025-03-07T15:01:47","date_gmt":"2025-03-07T15:01:47","guid":{"rendered":"https:\/\/drweca.pl\/?page_id=107"},"modified":"2025-03-10T12:01:50","modified_gmt":"2025-03-10T12:01:50","slug":"baza-drweca-pl","status":"publish","type":"page","link":"https:\/\/drweca.pl\/index.php\/baza-drweca-pl\/","title":{"rendered":"Baza Drweca.pl"},"content":{"rendered":"\n<div class=\"wp-block-group alignfull has-global-padding is-content-justification-center is-layout-constrained wp-block-group-is-layout-constrained\" style=\"margin-top:0;margin-bottom:0\">\n<div style=\"height:var(--wp--preset--spacing--20)\" aria-hidden=\"true\" class=\"wp-block-spacer\"><\/div>\n\n\n\n<div class=\"wp-block-group alignwide is-layout-flow wp-block-group-is-layout-flow\">\n<div class=\"wp-block-columns alignwide are-vertically-aligned-top is-layout-flex wp-container-core-columns-is-layout-1 wp-block-columns-is-layout-flex\">\n<div class=\"wp-block-column is-vertically-aligned-top has-global-padding is-content-justification-left is-layout-constrained wp-container-core-column-is-layout-1 wp-block-column-is-layout-constrained\">\n<h2 class=\"wp-block-heading has-text-align-center\">Zapraszamy do naszej bazy<\/h2>\n<\/div>\n\n\n\n<div class=\"wp-block-column is-vertically-aligned-top is-layout-flow wp-block-column-is-layout-flow\" style=\"flex-basis:40%\">\n<p class=\"has-text-align-center\">Najcz\u0119\u015bciej dowozimy kajaki bezpo\u015brednio na miejsce startu, przy d\u0142u\u017cszych wyprawach zapraszamy do naszej bazy kajakowej<\/p>\n\n\n\n<div class=\"wp-block-buttons is-layout-flex wp-block-buttons-is-layout-flex\">\n<div class=\"wp-block-button\"><a class=\"wp-block-button__link wp-element-button\" href=\"bakikajaki@gmail.com\" target=\"_blank\" rel=\"noreferrer noopener\">napisz do nas<\/a><\/div>\n<\/div>\n<\/div>\n<\/div>\n\n\n\n<div style=\"height:var(--wp--preset--spacing--20)\" aria-hidden=\"true\" class=\"wp-block-spacer\"><\/div>\n\n\n\n<figure class=\"wp-block-image size-large is-style-rounded is-style-rounded--1\"><img loading=\"lazy\" decoding=\"async\" width=\"1024\" height=\"768\" src=\"http:\/\/drweca.pl\/wp-content\/uploads\/2025\/03\/baza-kajakowa-1024x768.jpg\" alt=\"baza kajakowa drweca.pl\" class=\"wp-image-109\" style=\"aspect-ratio:16\/9;object-fit:cover\" srcset=\"https:\/\/drweca.pl\/wp-content\/uploads\/2025\/03\/baza-kajakowa-1024x768.jpg 1024w, https:\/\/drweca.pl\/wp-content\/uploads\/2025\/03\/baza-kajakowa-300x225.jpg 300w, https:\/\/drweca.pl\/wp-content\/uploads\/2025\/03\/baza-kajakowa-768x576.jpg 768w, https:\/\/drweca.pl\/wp-content\/uploads\/2025\/03\/baza-kajakowa.jpg 1200w\" sizes=\"auto, (max-width: 1024px) 100vw, 1024px\" \/><\/figure>\n<\/div>\n\n\n\n<div style=\"height:var(--wp--preset--spacing--20)\" aria-hidden=\"true\" class=\"wp-block-spacer\"><\/div>\n<\/div>\n","protected":false},"excerpt":{"rendered":"<p>Zapraszamy do naszej bazy Najcz\u0119\u015bciej dowozimy kajaki bezpo\u015brednio na miejsce startu, przy d\u0142u\u017cszych wyprawach zapraszamy do naszej bazy kajakowej<\/p>\n","protected":false},"author":1,"featured_media":0,"parent":0,"menu_order":0,"comment_status":"closed","ping_status":"closed","template":"","meta":{"footnotes":""},"class_list":["post-107","page","type-page","status-publish","hentry"],"aioseo_notices":[],"_links":{"self":[{"href":"https:\/\/drweca.pl\/index.php\/wp-json\/wp\/v2\/pages\/107","targetHints":{"allow":["GET"]}}],"collection":[{"href":"https:\/\/drweca.pl\/index.php\/wp-json\/wp\/v2\/pages"}],"about":[{"href":"https:\/\/drweca.pl\/index.php\/wp-json\/wp\/v2\/types\/page"}],"author":[{"embeddable":true,"href":"https:\/\/drweca.pl\/index.php\/wp-json\/wp\/v2\/users\/1"}],"replies":[{"embeddable":true,"href":"https:\/\/drweca.pl\/index.php\/wp-json\/wp\/v2\/comments?post=107"}],"version-history":[{"count":5,"href":"https:\/\/drweca.pl\/index.php\/wp-json\/wp\/v2\/pages\/107\/revisions"}],"predecessor-version":[{"id":143,"href":"https:\/\/drweca.pl\/index.php\/wp-json\/wp\/v2\/pages\/107\/revisions\/143"}],"wp:attachment":[{"href":"https:\/\/drweca.pl\/index.php\/wp-json\/wp\/v2\/media?parent=107"}],"curies":[{"name":"wp","href":"https:\/\/api.w.org\/{rel}","templated":true}]}}