{"id":93,"date":"2025-03-07T14:33:17","date_gmt":"2025-03-07T14:33:17","guid":{"rendered":"https:\/\/drweca.pl\/?page_id=93"},"modified":"2025-03-10T13:28:58","modified_gmt":"2025-03-10T13:28:58","slug":"nasze-kajaki","status":"publish","type":"page","link":"http:\/\/drweca.pl\/index.php\/nasze-kajaki\/","title":{"rendered":"Nasze kajaki"},"content":{"rendered":"\n<div class=\"wp-block-group alignfull has-accent-4-background-color has-background is-vertical is-content-justification-center is-nowrap is-layout-flex wp-container-core-group-is-layout-3 wp-block-group-is-layout-flex\" style=\"min-height:100vh;margin-top:0;margin-bottom:0;padding-top:var(--wp--preset--spacing--50);padding-right:var(--wp--preset--spacing--50);padding-bottom:var(--wp--preset--spacing--50);padding-left:var(--wp--preset--spacing--50)\">\n<div class=\"wp-block-columns alignwide are-vertically-aligned-center is-layout-flex wp-container-core-columns-is-layout-1 wp-block-columns-is-layout-flex\">\n<div class=\"wp-block-column is-vertically-aligned-center is-layout-flow wp-block-column-is-layout-flow\" style=\"flex-basis:40%\">\n<div class=\"wp-block-group is-layout-flow wp-container-core-group-is-layout-2 wp-block-group-is-layout-flow\" style=\"min-height:100%;margin-top:0;margin-bottom:0;padding-right:0;padding-left:0\">\n<div class=\"wp-block-group has-global-padding is-content-justification-left is-layout-constrained wp-container-core-group-is-layout-1 wp-block-group-is-layout-constrained\" style=\"padding-right:0;padding-left:0\">\n<p class=\"wp-container-content-1\">Od 2016 roku u\u017cytkujemy<strong>\u00a0tylko kajaki polietylenowe- polskiej produkcji &#8211; 2 osobowe Finder, rodzinne Family  oraz jednoosobowe  Rapid,<\/strong>\u00a0kt\u00f3re \u0142\u0105cz\u0105 trwa\u0142o\u015b\u0107, bezpiecze\u0144stwo i wygod\u0119 u\u017cytkowania. Nasze kajaki trwa\u0142e s\u0105 odporne na uszkodzenia, dzi\u0119ki czemu idealnie sprawdzaj\u0105 si\u0119 zar\u00f3wno podczas rodzinnych sp\u0142yw\u00f3w, jak i sp\u0142yw\u00f3w indywidulanych .\u00a0\u00a0<\/p>\n\n\n\n<p><\/p>\n\n\n\n<div class=\"wp-block-buttons is-layout-flex wp-block-buttons-is-layout-flex\">\n<div class=\"wp-block-button\"><a class=\"wp-block-button__link wp-element-button\" href=\"https:\/\/drweca.pl\/index.php\/rezerwacje\/\" target=\"_blank\" rel=\"noreferrer noopener\">Zarezerwuj sw\u00f3j sp\u0142yw<\/a><\/div>\n<\/div>\n<\/div>\n<\/div>\n<\/div>\n\n\n\n<div class=\"wp-block-column is-vertically-aligned-top is-layout-flow wp-block-column-is-layout-flow\" style=\"flex-basis:60%\">\n<figure class=\"wp-block-image size-full is-style-rounded is-style-rounded--1\"><img loading=\"lazy\" decoding=\"async\" width=\"1200\" height=\"900\" src=\"https:\/\/drweca.pl\/wp-content\/uploads\/2025\/03\/integracja_na_kajakach-2.jpg\" alt=\"\" class=\"wp-image-101\" style=\"aspect-ratio:3\/4;object-fit:cover\" srcset=\"http:\/\/drweca.pl\/wp-content\/uploads\/2025\/03\/integracja_na_kajakach-2.jpg 1200w, http:\/\/drweca.pl\/wp-content\/uploads\/2025\/03\/integracja_na_kajakach-2-300x225.jpg 300w, http:\/\/drweca.pl\/wp-content\/uploads\/2025\/03\/integracja_na_kajakach-2-1024x768.jpg 1024w, http:\/\/drweca.pl\/wp-content\/uploads\/2025\/03\/integracja_na_kajakach-2-768x576.jpg 768w\" sizes=\"auto, (max-width: 1200px) 100vw, 1200px\" \/><\/figure>\n<\/div>\n<\/div>\n<\/div>\n\n\n\n<p><\/p>\n","protected":false},"excerpt":{"rendered":"<p>Od 2016 roku u\u017cytkujemy\u00a0tylko kajaki polietylenowe- polskiej produkcji &#8211; 2 osobowe Finder, rodzinne Family oraz jednoosobowe Rapid,\u00a0kt\u00f3re \u0142\u0105cz\u0105 trwa\u0142o\u015b\u0107, bezpiecze\u0144stwo i wygod\u0119 u\u017cytkowania. Nasze kajaki trwa\u0142e s\u0105 odporne na uszkodzenia, dzi\u0119ki czemu idealnie sprawdzaj\u0105 si\u0119 zar\u00f3wno podczas rodzinnych sp\u0142yw\u00f3w, jak i sp\u0142yw\u00f3w indywidulanych .\u00a0\u00a0<\/p>\n","protected":false},"author":1,"featured_media":0,"parent":0,"menu_order":0,"comment_status":"closed","ping_status":"closed","template":"","meta":{"footnotes":""},"class_list":["post-93","page","type-page","status-publish","hentry"],"aioseo_notices":[],"_links":{"self":[{"href":"http:\/\/drweca.pl\/index.php\/wp-json\/wp\/v2\/pages\/93","targetHints":{"allow":["GET"]}}],"collection":[{"href":"http:\/\/drweca.pl\/index.php\/wp-json\/wp\/v2\/pages"}],"about":[{"href":"http:\/\/drweca.pl\/index.php\/wp-json\/wp\/v2\/types\/page"}],"author":[{"embeddable":true,"href":"http:\/\/drweca.pl\/index.php\/wp-json\/wp\/v2\/users\/1"}],"replies":[{"embeddable":true,"href":"http:\/\/drweca.pl\/index.php\/wp-json\/wp\/v2\/comments?post=93"}],"version-history":[{"count":8,"href":"http:\/\/drweca.pl\/index.php\/wp-json\/wp\/v2\/pages\/93\/revisions"}],"predecessor-version":[{"id":153,"href":"http:\/\/drweca.pl\/index.php\/wp-json\/wp\/v2\/pages\/93\/revisions\/153"}],"wp:attachment":[{"href":"http:\/\/drweca.pl\/index.php\/wp-json\/wp\/v2\/media?parent=93"}],"curies":[{"name":"wp","href":"https:\/\/api.w.org\/{rel}","templated":true}]}}